{"id":1084,"date":"2022-10-18T13:37:59","date_gmt":"2022-10-18T13:37:59","guid":{"rendered":"https:\/\/rendezveny.azevirodaja.hu\/?post_type=product&#038;p=1084"},"modified":"2025-02-03T09:11:31","modified_gmt":"2025-02-03T09:11:31","slug":"csoportos-real-estate-awards-belepojegy","status":"publish","type":"product","link":"https:\/\/rendezveny.azevirodaja.hu\/en\/product\/csoportos-real-estate-awards-belepojegy\/","title":{"rendered":"Ticket for 10 people"},"content":{"rendered":"","protected":false},"excerpt":{"rendered":"<p>\u00c9telek:<\/p>\n<div class=\"phenom-desc\">\n<div class=\"comment-container\">\n<div class=\"action-comment can-view-video markeddown js-comment\" dir=\"auto\">\n<div class=\"current-comment js-friendly-links js-open-card\">\n<ul>\n<li>H\u00fasos el\u0151\u00e9tel: Szarvasgomb\u00e1s libam\u00e1j terrine, f\u00fcge chutney, juharszirupos hagymalekv\u00e1r, mini piszt\u00e1ci\u00e1s bri\u00f3s<\/li>\n<li>H\u00fasos f\u0151\u00e9tel: Konfit\u00e1lt marhapofa, f\u00fcst\u00f6lt paprik\u00e1s jus, pir\u00edtott gomb\u00e1k, vajas zellerp\u00fcr\u00e9, sztrapacska krokett, friss tejf\u00f6l<\/li>\n<li>Veg\u00e1n el\u0151\u00e9tel: Veget\u00e1ri\u00e1nus: S\u00fclt zeller carpaccio, fekete fokhagyma majon\u00e9z, savany\u00edtott ribizli, s\u00fclt pek\u00e1n di\u00f3, birsalmasajt, galambbegy sal\u00e1ta<\/li>\n<li>Veg\u00e1n f\u0151\u00e9tel: Kr\u00e9mes Thai \u00e9desburgonya curry, csicseribors\u00f3, baby paraj, sz\u00f3jabab, grillezett \u00f6rd\u00f6gszek\u00e9r gomba, k\u00f3kuszos j\u00e1zmin rizs, k\u00f3kusz chips<\/li>\n<li>Desszert: Zserb\u00f3 p\u00e1rna s\u00e1rgabarack bels\u0151vel, karamelliz\u00e1lt di\u00f3 darabokkal, \u00e9tcsokol\u00e1d\u00e9 &#8220;k\u00f6nt\u00f6sben&#8221;, roppan\u00f3s keksz talpon<\/li>\n<\/ul>\n<\/div>\n<\/div>\n<\/div>\n<\/div>\n<div class=\"phenom-reactions\">\n<div class=\"js-reaction-piles reaction-piles-container last\">\n<div class=\"reaction-piles reaction-piles-empty\"><\/div>\n<\/div>\n<\/div>","protected":false},"author":2,"featured_media":1396,"comment_status":"open","ping_status":"closed","template":"","meta":{"_acf_changed":false,"site-sidebar-layout":"default","site-content-layout":"default","ast-site-content-layout":"default","site-content-style":"default","site-sidebar-style":"default","ast-global-header-display":"","ast-banner-title-visibility":"","ast-main-header-display":"","ast-hfb-above-header-display":"","ast-hfb-below-header-display":"","ast-hfb-mobile-header-display":"","site-post-title":"","ast-breadcrumbs-content":"","ast-featured-img":"","footer-sml-layout":"","theme-transparent-header-meta":"default","adv-header-id-meta":"","stick-header-meta":"","header-above-stick-meta":"","header-main-stick-meta":"","header-below-stick-meta":"","astra-migrate-meta-layouts":"set","ast-page-background-enabled":"default","ast-page-background-meta":{"desktop":{"background-color":"var(--ast-global-color-4)","background-image":"","background-repeat":"repeat","background-position":"center center","background-size":"auto","background-attachment":"scroll","background-type":"","background-media":"","overlay-type":"","overlay-color":"","overlay-opacity":"","overlay-gradient":""},"tablet":{"background-color":"","background-image":"","background-repeat":"repeat","background-position":"center center","background-size":"auto","background-attachment":"scroll","background-type":"","background-media":"","overlay-type":"","overlay-color":"","overlay-opacity":"","overlay-gradient":""},"mobile":{"background-color":"","background-image":"","background-repeat":"repeat","background-position":"center center","background-size":"auto","background-attachment":"scroll","background-type":"","background-media":"","overlay-type":"","overlay-color":"","overlay-opacity":"","overlay-gradient":""}},"ast-content-background-meta":{"desktop":{"background-color":"var(--ast-global-color-5)","background-image":"","background-repeat":"repeat","background-position":"center center","background-size":"auto","background-attachment":"scroll","background-type":"","background-media":"","overlay-type":"","overlay-color":"","overlay-opacity":"","overlay-gradient":""},"tablet":{"background-color":"var(--ast-global-color-5)","background-image":"","background-repeat":"repeat","background-position":"center center","background-size":"auto","background-attachment":"scroll","background-type":"","background-media":"","overlay-type":"","overlay-color":"","overlay-opacity":"","overlay-gradient":""},"mobile":{"background-color":"var(--ast-global-color-5)","background-image":"","background-repeat":"repeat","background-position":"center center","background-size":"auto","background-attachment":"scroll","background-type":"","background-media":"","overlay-type":"","overlay-color":"","overlay-opacity":"","overlay-gradient":""}}},"product_brand":[],"product_cat":[15],"product_tag":[],"class_list":{"0":"post-1084","1":"product","2":"type-product","3":"status-publish","4":"has-post-thumbnail","6":"product_cat-egyeb","7":"desktop-align-center","8":"tablet-align-left","9":"mobile-align-left","11":"first","12":"instock","13":"taxable","14":"shipping-taxable","15":"purchasable","16":"product-type-simple"},"acf":[],"yoast_head":"<!-- This site is optimized with the Yoast SEO plugin v27.4 - https:\/\/yoast.com\/product\/yoast-seo-wordpress\/ -->\n<title>Bel\u00e9p\u0151jegy 10 f\u0151 r\u00e9sz\u00e9re - Az \u00c9v Irod\u00e1ja rendezv\u00e9nyek<\/title>\n<meta name=\"robots\" content=\"index, follow, max-snippet:-1, max-image-preview:large, max-video-preview:-1\" \/>\n<link rel=\"canonical\" href=\"https:\/\/rendezveny.azevirodaja.hu\/en\/product\/csoportos-real-estate-awards-belepojegy\/\" \/>\n<meta property=\"og:locale\" content=\"en_US\" \/>\n<meta property=\"og:type\" content=\"article\" \/>\n<meta property=\"og:title\" content=\"Bel\u00e9p\u0151jegy 10 f\u0151 r\u00e9sz\u00e9re - Az \u00c9v Irod\u00e1ja rendezv\u00e9nyek\" \/>\n<meta property=\"og:description\" content=\"\u00c9telek:       H\u00fasos el\u0151\u00e9tel: Szarvasgomb\u00e1s libam\u00e1j terrine, f\u00fcge chutney, juharszirupos hagymalekv\u00e1r, mini piszt\u00e1ci\u00e1s bri\u00f3s  H\u00fasos f\u0151\u00e9tel: Konfit\u00e1lt marhapofa, f\u00fcst\u00f6lt paprik\u00e1s jus, pir\u00edtott gomb\u00e1k, vajas zellerp\u00fcr\u00e9, sztrapacska krokett, friss tejf\u00f6l  Veg\u00e1n el\u0151\u00e9tel: Veget\u00e1ri\u00e1nus: S\u00fclt zeller carpaccio, fekete fokhagyma majon\u00e9z, savany\u00edtott ribizli, s\u00fclt pek\u00e1n di\u00f3, birsalmasajt, galambbegy sal\u00e1ta  Veg\u00e1n f\u0151\u00e9tel: Kr\u00e9mes Thai \u00e9desburgonya curry, csicseribors\u00f3, baby paraj, sz\u00f3jabab, grillezett \u00f6rd\u00f6gszek\u00e9r gomba, k\u00f3kuszos j\u00e1zmin rizs, k\u00f3kusz chips  Desszert: Zserb\u00f3 p\u00e1rna s\u00e1rgabarack bels\u0151vel, karamelliz\u00e1lt di\u00f3 darabokkal, \u00e9tcsokol\u00e1d\u00e9 &quot;k\u00f6nt\u00f6sben&quot;, roppan\u00f3s keksz talpon\" \/>\n<meta property=\"og:url\" content=\"https:\/\/rendezveny.azevirodaja.hu\/en\/product\/csoportos-real-estate-awards-belepojegy\/\" \/>\n<meta property=\"og:site_name\" content=\"Az \u00c9v Irod\u00e1ja rendezv\u00e9nyek\" \/>\n<meta property=\"article:publisher\" content=\"https:\/\/www.facebook.com\/azevirodaja\/\" \/>\n<meta property=\"article:modified_time\" content=\"2025-02-03T09:11:31+00:00\" \/>\n<meta property=\"og:image\" content=\"https:\/\/rendezveny.azevirodaja.hu\/wp-content\/uploads\/2022\/10\/4-1.png\" \/>\n\t<meta property=\"og:image:width\" content=\"1080\" \/>\n\t<meta property=\"og:image:height\" content=\"1080\" \/>\n\t<meta property=\"og:image:type\" content=\"image\/png\" \/>\n<meta name=\"twitter:card\" content=\"summary_large_image\" \/>\n<meta name=\"twitter:label1\" content=\"Est. reading time\" \/>\n\t<meta name=\"twitter:data1\" content=\"1 minute\" \/>\n<script type=\"application\/ld+json\" class=\"yoast-schema-graph\">{\"@context\":\"https:\\\/\\\/schema.org\",\"@graph\":[{\"@type\":\"WebPage\",\"@id\":\"https:\\\/\\\/rendezveny.azevirodaja.hu\\\/termek\\\/csoportos-real-estate-awards-belepojegy\\\/\",\"url\":\"https:\\\/\\\/rendezveny.azevirodaja.hu\\\/termek\\\/csoportos-real-estate-awards-belepojegy\\\/\",\"name\":\"Bel\u00e9p\u0151jegy 10 f\u0151 r\u00e9sz\u00e9re - Az \u00c9v Irod\u00e1ja rendezv\u00e9nyek\",\"isPartOf\":{\"@id\":\"https:\\\/\\\/rendezveny.azevirodaja.hu\\\/#website\"},\"primaryImageOfPage\":{\"@id\":\"https:\\\/\\\/rendezveny.azevirodaja.hu\\\/termek\\\/csoportos-real-estate-awards-belepojegy\\\/#primaryimage\"},\"image\":{\"@id\":\"https:\\\/\\\/rendezveny.azevirodaja.hu\\\/termek\\\/csoportos-real-estate-awards-belepojegy\\\/#primaryimage\"},\"thumbnailUrl\":\"https:\\\/\\\/rendezveny.azevirodaja.hu\\\/wp-content\\\/uploads\\\/2022\\\/10\\\/4-1.png\",\"datePublished\":\"2022-10-18T13:37:59+00:00\",\"dateModified\":\"2025-02-03T09:11:31+00:00\",\"breadcrumb\":{\"@id\":\"https:\\\/\\\/rendezveny.azevirodaja.hu\\\/termek\\\/csoportos-real-estate-awards-belepojegy\\\/#breadcrumb\"},\"inLanguage\":\"en-US\",\"potentialAction\":[{\"@type\":\"ReadAction\",\"target\":[\"https:\\\/\\\/rendezveny.azevirodaja.hu\\\/termek\\\/csoportos-real-estate-awards-belepojegy\\\/\"]}]},{\"@type\":\"ImageObject\",\"inLanguage\":\"en-US\",\"@id\":\"https:\\\/\\\/rendezveny.azevirodaja.hu\\\/termek\\\/csoportos-real-estate-awards-belepojegy\\\/#primaryimage\",\"url\":\"https:\\\/\\\/rendezveny.azevirodaja.hu\\\/wp-content\\\/uploads\\\/2022\\\/10\\\/4-1.png\",\"contentUrl\":\"https:\\\/\\\/rendezveny.azevirodaja.hu\\\/wp-content\\\/uploads\\\/2022\\\/10\\\/4-1.png\",\"width\":1080,\"height\":1080},{\"@type\":\"BreadcrumbList\",\"@id\":\"https:\\\/\\\/rendezveny.azevirodaja.hu\\\/termek\\\/csoportos-real-estate-awards-belepojegy\\\/#breadcrumb\",\"itemListElement\":[{\"@type\":\"ListItem\",\"position\":1,\"name\":\"Kezd\u0151lap\",\"item\":\"https:\\\/\\\/rendezveny.azevirodaja.hu\\\/\"},{\"@type\":\"ListItem\",\"position\":2,\"name\":\"\u00dczlet\",\"item\":\"https:\\\/\\\/rendezveny.azevirodaja.hu\\\/uzlet\\\/\"},{\"@type\":\"ListItem\",\"position\":3,\"name\":\"Bel\u00e9p\u0151jegy 10 f\u0151 r\u00e9sz\u00e9re\"}]},{\"@type\":\"WebSite\",\"@id\":\"https:\\\/\\\/rendezveny.azevirodaja.hu\\\/#website\",\"url\":\"https:\\\/\\\/rendezveny.azevirodaja.hu\\\/\",\"name\":\"Az \u00c9v Irod\u00e1ja\",\"description\":\"Az \u00c9v Irod\u00e1ja\",\"publisher\":{\"@id\":\"https:\\\/\\\/rendezveny.azevirodaja.hu\\\/#organization\"},\"potentialAction\":[{\"@type\":\"SearchAction\",\"target\":{\"@type\":\"EntryPoint\",\"urlTemplate\":\"https:\\\/\\\/rendezveny.azevirodaja.hu\\\/?s={search_term_string}\"},\"query-input\":{\"@type\":\"PropertyValueSpecification\",\"valueRequired\":true,\"valueName\":\"search_term_string\"}}],\"inLanguage\":\"en-US\"},{\"@type\":\"Organization\",\"@id\":\"https:\\\/\\\/rendezveny.azevirodaja.hu\\\/#organization\",\"name\":\"Az \u00c9v Irod\u00e1ja\",\"url\":\"https:\\\/\\\/rendezveny.azevirodaja.hu\\\/\",\"logo\":{\"@type\":\"ImageObject\",\"inLanguage\":\"en-US\",\"@id\":\"https:\\\/\\\/rendezveny.azevirodaja.hu\\\/#\\\/schema\\\/logo\\\/image\\\/\",\"url\":\"https:\\\/\\\/rendezveny.azevirodaja.hu\\\/wp-content\\\/uploads\\\/2022\\\/10\\\/cropped-favico-1.png\",\"contentUrl\":\"https:\\\/\\\/rendezveny.azevirodaja.hu\\\/wp-content\\\/uploads\\\/2022\\\/10\\\/cropped-favico-1.png\",\"width\":512,\"height\":512,\"caption\":\"Az \u00c9v Irod\u00e1ja\"},\"image\":{\"@id\":\"https:\\\/\\\/rendezveny.azevirodaja.hu\\\/#\\\/schema\\\/logo\\\/image\\\/\"},\"sameAs\":[\"https:\\\/\\\/www.facebook.com\\\/azevirodaja\\\/\"]}]}<\/script>\n<!-- \/ Yoast SEO plugin. -->","yoast_head_json":{"title":"Bel\u00e9p\u0151jegy 10 f\u0151 r\u00e9sz\u00e9re - Az \u00c9v Irod\u00e1ja rendezv\u00e9nyek","robots":{"index":"index","follow":"follow","max-snippet":"max-snippet:-1","max-image-preview":"max-image-preview:large","max-video-preview":"max-video-preview:-1"},"canonical":"https:\/\/rendezveny.azevirodaja.hu\/en\/product\/csoportos-real-estate-awards-belepojegy\/","og_locale":"en_US","og_type":"article","og_title":"Bel\u00e9p\u0151jegy 10 f\u0151 r\u00e9sz\u00e9re - Az \u00c9v Irod\u00e1ja rendezv\u00e9nyek","og_description":"\u00c9telek:       H\u00fasos el\u0151\u00e9tel: Szarvasgomb\u00e1s libam\u00e1j terrine, f\u00fcge chutney, juharszirupos hagymalekv\u00e1r, mini piszt\u00e1ci\u00e1s bri\u00f3s  H\u00fasos f\u0151\u00e9tel: Konfit\u00e1lt marhapofa, f\u00fcst\u00f6lt paprik\u00e1s jus, pir\u00edtott gomb\u00e1k, vajas zellerp\u00fcr\u00e9, sztrapacska krokett, friss tejf\u00f6l  Veg\u00e1n el\u0151\u00e9tel: Veget\u00e1ri\u00e1nus: S\u00fclt zeller carpaccio, fekete fokhagyma majon\u00e9z, savany\u00edtott ribizli, s\u00fclt pek\u00e1n di\u00f3, birsalmasajt, galambbegy sal\u00e1ta  Veg\u00e1n f\u0151\u00e9tel: Kr\u00e9mes Thai \u00e9desburgonya curry, csicseribors\u00f3, baby paraj, sz\u00f3jabab, grillezett \u00f6rd\u00f6gszek\u00e9r gomba, k\u00f3kuszos j\u00e1zmin rizs, k\u00f3kusz chips  Desszert: Zserb\u00f3 p\u00e1rna s\u00e1rgabarack bels\u0151vel, karamelliz\u00e1lt di\u00f3 darabokkal, \u00e9tcsokol\u00e1d\u00e9 \"k\u00f6nt\u00f6sben\", roppan\u00f3s keksz talpon","og_url":"https:\/\/rendezveny.azevirodaja.hu\/en\/product\/csoportos-real-estate-awards-belepojegy\/","og_site_name":"Az \u00c9v Irod\u00e1ja rendezv\u00e9nyek","article_publisher":"https:\/\/www.facebook.com\/azevirodaja\/","article_modified_time":"2025-02-03T09:11:31+00:00","og_image":[{"width":1080,"height":1080,"url":"https:\/\/rendezveny.azevirodaja.hu\/wp-content\/uploads\/2022\/10\/4-1.png","type":"image\/png"}],"twitter_card":"summary_large_image","twitter_misc":{"Est. reading time":"1 minute"},"schema":{"@context":"https:\/\/schema.org","@graph":[{"@type":"WebPage","@id":"https:\/\/rendezveny.azevirodaja.hu\/termek\/csoportos-real-estate-awards-belepojegy\/","url":"https:\/\/rendezveny.azevirodaja.hu\/termek\/csoportos-real-estate-awards-belepojegy\/","name":"Bel\u00e9p\u0151jegy 10 f\u0151 r\u00e9sz\u00e9re - Az \u00c9v Irod\u00e1ja rendezv\u00e9nyek","isPartOf":{"@id":"https:\/\/rendezveny.azevirodaja.hu\/#website"},"primaryImageOfPage":{"@id":"https:\/\/rendezveny.azevirodaja.hu\/termek\/csoportos-real-estate-awards-belepojegy\/#primaryimage"},"image":{"@id":"https:\/\/rendezveny.azevirodaja.hu\/termek\/csoportos-real-estate-awards-belepojegy\/#primaryimage"},"thumbnailUrl":"https:\/\/rendezveny.azevirodaja.hu\/wp-content\/uploads\/2022\/10\/4-1.png","datePublished":"2022-10-18T13:37:59+00:00","dateModified":"2025-02-03T09:11:31+00:00","breadcrumb":{"@id":"https:\/\/rendezveny.azevirodaja.hu\/termek\/csoportos-real-estate-awards-belepojegy\/#breadcrumb"},"inLanguage":"en-US","potentialAction":[{"@type":"ReadAction","target":["https:\/\/rendezveny.azevirodaja.hu\/termek\/csoportos-real-estate-awards-belepojegy\/"]}]},{"@type":"ImageObject","inLanguage":"en-US","@id":"https:\/\/rendezveny.azevirodaja.hu\/termek\/csoportos-real-estate-awards-belepojegy\/#primaryimage","url":"https:\/\/rendezveny.azevirodaja.hu\/wp-content\/uploads\/2022\/10\/4-1.png","contentUrl":"https:\/\/rendezveny.azevirodaja.hu\/wp-content\/uploads\/2022\/10\/4-1.png","width":1080,"height":1080},{"@type":"BreadcrumbList","@id":"https:\/\/rendezveny.azevirodaja.hu\/termek\/csoportos-real-estate-awards-belepojegy\/#breadcrumb","itemListElement":[{"@type":"ListItem","position":1,"name":"Kezd\u0151lap","item":"https:\/\/rendezveny.azevirodaja.hu\/"},{"@type":"ListItem","position":2,"name":"\u00dczlet","item":"https:\/\/rendezveny.azevirodaja.hu\/uzlet\/"},{"@type":"ListItem","position":3,"name":"Bel\u00e9p\u0151jegy 10 f\u0151 r\u00e9sz\u00e9re"}]},{"@type":"WebSite","@id":"https:\/\/rendezveny.azevirodaja.hu\/#website","url":"https:\/\/rendezveny.azevirodaja.hu\/","name":"Office of the Year","description":"Office of the Year","publisher":{"@id":"https:\/\/rendezveny.azevirodaja.hu\/#organization"},"potentialAction":[{"@type":"SearchAction","target":{"@type":"EntryPoint","urlTemplate":"https:\/\/rendezveny.azevirodaja.hu\/?s={search_term_string}"},"query-input":{"@type":"PropertyValueSpecification","valueRequired":true,"valueName":"search_term_string"}}],"inLanguage":"en-US"},{"@type":"Organization","@id":"https:\/\/rendezveny.azevirodaja.hu\/#organization","name":"Office of the Year","url":"https:\/\/rendezveny.azevirodaja.hu\/","logo":{"@type":"ImageObject","inLanguage":"en-US","@id":"https:\/\/rendezveny.azevirodaja.hu\/#\/schema\/logo\/image\/","url":"https:\/\/rendezveny.azevirodaja.hu\/wp-content\/uploads\/2022\/10\/cropped-favico-1.png","contentUrl":"https:\/\/rendezveny.azevirodaja.hu\/wp-content\/uploads\/2022\/10\/cropped-favico-1.png","width":512,"height":512,"caption":"Az \u00c9v Irod\u00e1ja"},"image":{"@id":"https:\/\/rendezveny.azevirodaja.hu\/#\/schema\/logo\/image\/"},"sameAs":["https:\/\/www.facebook.com\/azevirodaja\/"]}]}},"_links":{"self":[{"href":"https:\/\/rendezveny.azevirodaja.hu\/en\/wp-json\/wp\/v2\/product\/1084","targetHints":{"allow":["GET"]}}],"collection":[{"href":"https:\/\/rendezveny.azevirodaja.hu\/en\/wp-json\/wp\/v2\/product"}],"about":[{"href":"https:\/\/rendezveny.azevirodaja.hu\/en\/wp-json\/wp\/v2\/types\/product"}],"author":[{"embeddable":true,"href":"https:\/\/rendezveny.azevirodaja.hu\/en\/wp-json\/wp\/v2\/users\/2"}],"replies":[{"embeddable":true,"href":"https:\/\/rendezveny.azevirodaja.hu\/en\/wp-json\/wp\/v2\/comments?post=1084"}],"wp:featuredmedia":[{"embeddable":true,"href":"https:\/\/rendezveny.azevirodaja.hu\/en\/wp-json\/wp\/v2\/media\/1396"}],"wp:attachment":[{"href":"https:\/\/rendezveny.azevirodaja.hu\/en\/wp-json\/wp\/v2\/media?parent=1084"}],"wp:term":[{"taxonomy":"product_brand","embeddable":true,"href":"https:\/\/rendezveny.azevirodaja.hu\/en\/wp-json\/wp\/v2\/product_brand?post=1084"},{"taxonomy":"product_cat","embeddable":true,"href":"https:\/\/rendezveny.azevirodaja.hu\/en\/wp-json\/wp\/v2\/product_cat?post=1084"},{"taxonomy":"product_tag","embeddable":true,"href":"https:\/\/rendezveny.azevirodaja.hu\/en\/wp-json\/wp\/v2\/product_tag?post=1084"}],"curies":[{"name":"wp","href":"https:\/\/api.w.org\/{rel}","templated":true}]}}