{"id":1087,"date":"2022-10-18T13:41:39","date_gmt":"2022-10-18T13:41:39","guid":{"rendered":"https:\/\/rendezveny.azevirodaja.hu\/?post_type=product&#038;p=1087"},"modified":"2025-02-07T12:24:21","modified_gmt":"2025-02-07T12:24:21","slug":"csoportos-real-estate-awards-dijatado-gala-2023-belepojegy","status":"publish","type":"product","link":"https:\/\/rendezveny.azevirodaja.hu\/en\/product\/csoportos-real-estate-awards-dijatado-gala-2023-belepojegy\/","title":{"rendered":"REAL ESTATE AWARDS - 10 PEOPLE TABLE"},"content":{"rendered":"<p data-pm-slice=\"1 1 []\"><strong>El\u0151\u00e9tel<\/strong><\/p>\n<p><strong>H\u00daSOS:<\/strong> Libam\u00e1j ganache, piszt\u00e1ci\u00e1s croffel, morello cseresznye, hagymalekv\u00e1r, balzsamecet kavi\u00e1r<\/p>\n<p><strong>VEG\u00c1N<\/strong>: Csics\u00f3ka panna cotta, z\u00f6ldalma, ropog\u00f3s hajdina, csics\u00f3ka tuille, t\u00e1rkony (GM, LM)<\/p>\n<p>&nbsp;<\/p>\n<p><strong>F\u0151\u00e9tel<\/strong><\/p>\n<p><strong>H\u00daSOS:<\/strong> Szarvasgerinc, kr\u00e9mes kucsmagomba jus, f\u00fcst\u00f6lt zeller p\u00fcr\u00e9, z\u00f6ldbab, parmez\u00e1nos burgonya gratin<\/p>\n<p><strong>VEG\u00c1N<\/strong>: Serpeny\u0151ben pir\u00edtott sz\u00f3j\u00e1s-gy\u00f6mb\u00e9res tofu satay sz\u00f3szos rizst\u00e9szt\u00e1val, baby brokkoli, shiitake gomba, bord\u00e1skel, szez\u00e1mmag (GM, LM)<\/p>\n<p>&nbsp;<\/p>\n<p><strong>Desszert<\/strong><\/p>\n<p><strong>H\u00daSOS:<\/strong> Geszteny\u00e9s feh\u00e9rcsokol\u00e1d\u00e9s mousse, amar\u00e9na meggy, roppan\u00f3s \u00e9tcsokol\u00e1d\u00e9, m\u00e9zes morzsa<\/p>\n<p><strong>VEG\u00c1N<\/strong>: Csokol\u00e1d\u00e9 mousse, mogyor\u00f3 morzsa, granola, meggyragu (veg\u00e1n, GM, LM, CM)<\/p>","protected":false},"excerpt":{"rendered":"<p data-pm-slice=\"1 1 []\"><strong>El\u0151\u00e9tel<\/strong><\/p>\n<p><strong>H\u00daSOS:<\/strong> Libam\u00e1j ganache, piszt\u00e1ci\u00e1s croffel, morello cseresznye, hagymalekv\u00e1r, balzsamecet kavi\u00e1r<\/p>\n<p><strong>VEG\u00c1N<\/strong>: Csics\u00f3ka panna cotta, z\u00f6ldalma, ropog\u00f3s hajdina, csics\u00f3ka tuille, t\u00e1rkony (GM, LM)<\/p>\n<p><strong>F\u0151\u00e9tel<\/strong><\/p>\n<p><strong>H\u00daSOS:<\/strong> Szarvasgerinc, kr\u00e9mes kucsmagomba jus, f\u00fcst\u00f6lt zeller p\u00fcr\u00e9, z\u00f6ldbab, parmez\u00e1nos burgonya gratin<\/p>\n<p><strong>VEG\u00c1N<\/strong>: Serpeny\u0151ben pir\u00edtott sz\u00f3j\u00e1s-gy\u00f6mb\u00e9res tofu satay sz\u00f3szos rizst\u00e9szt\u00e1val, baby brokkoli, shiitake gomba, bord\u00e1skel, szez\u00e1mmag (GM, LM)<\/p>\n<p><strong>Desszert<\/strong><\/p>\n<p><strong>H\u00daSOS:<\/strong> Geszteny\u00e9s feh\u00e9rcsokol\u00e1d\u00e9s mousse, amar\u00e9na meggy, roppan\u00f3s \u00e9tcsokol\u00e1d\u00e9, m\u00e9zes morzsa<\/p>\n<p><strong>VEG\u00c1N<\/strong>: Csokol\u00e1d\u00e9 mousse, mogyor\u00f3 morzsa, granola, meggyragu (veg\u00e1n, GM, LM, CM<\/p>","protected":false},"author":2,"featured_media":1393,"comment_status":"open","ping_status":"closed","template":"","meta":{"_acf_changed":false,"site-sidebar-layout":"default","site-content-layout":"default","ast-site-content-layout":"default","site-content-style":"default","site-sidebar-style":"default","ast-global-header-display":"","ast-banner-title-visibility":"","ast-main-header-display":"","ast-hfb-above-header-display":"","ast-hfb-below-header-display":"","ast-hfb-mobile-header-display":"","site-post-title":"","ast-breadcrumbs-content":"","ast-featured-img":"","footer-sml-layout":"","theme-transparent-header-meta":"default","adv-header-id-meta":"","stick-header-meta":"","header-above-stick-meta":"","header-main-stick-meta":"","header-below-stick-meta":"","astra-migrate-meta-layouts":"set","ast-page-background-enabled":"default","ast-page-background-meta":{"desktop":{"background-color":"var(--ast-global-color-4)","background-image":"","background-repeat":"repeat","background-position":"center center","background-size":"auto","background-attachment":"scroll","background-type":"","background-media":"","overlay-type":"","overlay-color":"","overlay-opacity":"","overlay-gradient":""},"tablet":{"background-color":"","background-image":"","background-repeat":"repeat","background-position":"center center","background-size":"auto","background-attachment":"scroll","background-type":"","background-media":"","overlay-type":"","overlay-color":"","overlay-opacity":"","overlay-gradient":""},"mobile":{"background-color":"","background-image":"","background-repeat":"repeat","background-position":"center center","background-size":"auto","background-attachment":"scroll","background-type":"","background-media":"","overlay-type":"","overlay-color":"","overlay-opacity":"","overlay-gradient":""}},"ast-content-background-meta":{"desktop":{"background-color":"var(--ast-global-color-5)","background-image":"","background-repeat":"repeat","background-position":"center center","background-size":"auto","background-attachment":"scroll","background-type":"","background-media":"","overlay-type":"","overlay-color":"","overlay-opacity":"","overlay-gradient":""},"tablet":{"background-color":"var(--ast-global-color-5)","background-image":"","background-repeat":"repeat","background-position":"center center","background-size":"auto","background-attachment":"scroll","background-type":"","background-media":"","overlay-type":"","overlay-color":"","overlay-opacity":"","overlay-gradient":""},"mobile":{"background-color":"var(--ast-global-color-5)","background-image":"","background-repeat":"repeat","background-position":"center center","background-size":"auto","background-attachment":"scroll","background-type":"","background-media":"","overlay-type":"","overlay-color":"","overlay-opacity":"","overlay-gradient":""}}},"product_brand":[],"product_cat":[18,28],"product_tag":[],"class_list":{"0":"post-1087","1":"product","2":"type-product","3":"status-publish","4":"has-post-thumbnail","6":"product_cat-jegyek","7":"product_cat-rea","8":"desktop-align-center","9":"tablet-align-left","10":"mobile-align-left","12":"first","13":"instock","14":"virtual","15":"taxable","16":"purchasable","17":"product-type-woosb"},"acf":[],"yoast_head":"<!-- This site is optimized with the Yoast SEO plugin v27.4 - https:\/\/yoast.com\/product\/yoast-seo-wordpress\/ -->\n<title>REAL ESTATE AWARDS \u2013 10 F\u0150S ASZTAL - Az \u00c9v Irod\u00e1ja rendezv\u00e9nyek<\/title>\n<meta name=\"robots\" content=\"index, follow, max-snippet:-1, max-image-preview:large, max-video-preview:-1\" \/>\n<link rel=\"canonical\" href=\"https:\/\/rendezveny.azevirodaja.hu\/en\/product\/csoportos-real-estate-awards-dijatado-gala-2023-belepojegy\/\" \/>\n<meta property=\"og:locale\" content=\"en_US\" \/>\n<meta property=\"og:type\" content=\"article\" \/>\n<meta property=\"og:title\" content=\"REAL ESTATE AWARDS \u2013 10 F\u0150S ASZTAL - Az \u00c9v Irod\u00e1ja rendezv\u00e9nyek\" \/>\n<meta property=\"og:description\" content=\"El\u0151\u00e9tel H\u00daSOS: Libam\u00e1j ganache, piszt\u00e1ci\u00e1s croffel, morello cseresznye, hagymalekv\u00e1r, balzsamecet kavi\u00e1r  VEG\u00c1N: Csics\u00f3ka panna cotta, z\u00f6ldalma, ropog\u00f3s hajdina, csics\u00f3ka tuille, t\u00e1rkony (GM, LM)  F\u0151\u00e9tel  H\u00daSOS: Szarvasgerinc, kr\u00e9mes kucsmagomba jus, f\u00fcst\u00f6lt zeller p\u00fcr\u00e9, z\u00f6ldbab, parmez\u00e1nos burgonya gratin  VEG\u00c1N: Serpeny\u0151ben pir\u00edtott sz\u00f3j\u00e1s-gy\u00f6mb\u00e9res tofu satay sz\u00f3szos rizst\u00e9szt\u00e1val, baby brokkoli, shiitake gomba, bord\u00e1skel, szez\u00e1mmag (GM, LM)  Desszert  H\u00daSOS: Geszteny\u00e9s feh\u00e9rcsokol\u00e1d\u00e9s mousse, amar\u00e9na meggy, roppan\u00f3s \u00e9tcsokol\u00e1d\u00e9, m\u00e9zes morzsa  VEG\u00c1N: Csokol\u00e1d\u00e9 mousse, mogyor\u00f3 morzsa, granola, meggyragu (veg\u00e1n, GM, LM, CM\" \/>\n<meta property=\"og:url\" content=\"https:\/\/rendezveny.azevirodaja.hu\/en\/product\/csoportos-real-estate-awards-dijatado-gala-2023-belepojegy\/\" \/>\n<meta property=\"og:site_name\" content=\"Az \u00c9v Irod\u00e1ja rendezv\u00e9nyek\" \/>\n<meta property=\"article:publisher\" content=\"https:\/\/www.facebook.com\/azevirodaja\/\" \/>\n<meta property=\"article:modified_time\" content=\"2025-02-07T12:24:21+00:00\" \/>\n<meta property=\"og:image\" content=\"https:\/\/rendezveny.azevirodaja.hu\/wp-content\/uploads\/2022\/10\/1-1.png\" \/>\n\t<meta property=\"og:image:width\" content=\"1080\" \/>\n\t<meta property=\"og:image:height\" content=\"1080\" \/>\n\t<meta property=\"og:image:type\" content=\"image\/png\" \/>\n<meta name=\"twitter:card\" content=\"summary_large_image\" \/>\n<meta name=\"twitter:label1\" content=\"Est. reading time\" \/>\n\t<meta name=\"twitter:data1\" content=\"1 minute\" \/>\n<script type=\"application\/ld+json\" class=\"yoast-schema-graph\">{\"@context\":\"https:\\\/\\\/schema.org\",\"@graph\":[{\"@type\":\"WebPage\",\"@id\":\"https:\\\/\\\/rendezveny.azevirodaja.hu\\\/termek\\\/csoportos-real-estate-awards-dijatado-gala-2023-belepojegy\\\/\",\"url\":\"https:\\\/\\\/rendezveny.azevirodaja.hu\\\/termek\\\/csoportos-real-estate-awards-dijatado-gala-2023-belepojegy\\\/\",\"name\":\"REAL ESTATE AWARDS \u2013 10 F\u0150S ASZTAL - Az \u00c9v Irod\u00e1ja rendezv\u00e9nyek\",\"isPartOf\":{\"@id\":\"https:\\\/\\\/rendezveny.azevirodaja.hu\\\/#website\"},\"primaryImageOfPage\":{\"@id\":\"https:\\\/\\\/rendezveny.azevirodaja.hu\\\/termek\\\/csoportos-real-estate-awards-dijatado-gala-2023-belepojegy\\\/#primaryimage\"},\"image\":{\"@id\":\"https:\\\/\\\/rendezveny.azevirodaja.hu\\\/termek\\\/csoportos-real-estate-awards-dijatado-gala-2023-belepojegy\\\/#primaryimage\"},\"thumbnailUrl\":\"https:\\\/\\\/rendezveny.azevirodaja.hu\\\/wp-content\\\/uploads\\\/2022\\\/10\\\/1-1.png\",\"datePublished\":\"2022-10-18T13:41:39+00:00\",\"dateModified\":\"2025-02-07T12:24:21+00:00\",\"breadcrumb\":{\"@id\":\"https:\\\/\\\/rendezveny.azevirodaja.hu\\\/termek\\\/csoportos-real-estate-awards-dijatado-gala-2023-belepojegy\\\/#breadcrumb\"},\"inLanguage\":\"en-US\",\"potentialAction\":[{\"@type\":\"ReadAction\",\"target\":[\"https:\\\/\\\/rendezveny.azevirodaja.hu\\\/termek\\\/csoportos-real-estate-awards-dijatado-gala-2023-belepojegy\\\/\"]}]},{\"@type\":\"ImageObject\",\"inLanguage\":\"en-US\",\"@id\":\"https:\\\/\\\/rendezveny.azevirodaja.hu\\\/termek\\\/csoportos-real-estate-awards-dijatado-gala-2023-belepojegy\\\/#primaryimage\",\"url\":\"https:\\\/\\\/rendezveny.azevirodaja.hu\\\/wp-content\\\/uploads\\\/2022\\\/10\\\/1-1.png\",\"contentUrl\":\"https:\\\/\\\/rendezveny.azevirodaja.hu\\\/wp-content\\\/uploads\\\/2022\\\/10\\\/1-1.png\",\"width\":1080,\"height\":1080},{\"@type\":\"BreadcrumbList\",\"@id\":\"https:\\\/\\\/rendezveny.azevirodaja.hu\\\/termek\\\/csoportos-real-estate-awards-dijatado-gala-2023-belepojegy\\\/#breadcrumb\",\"itemListElement\":[{\"@type\":\"ListItem\",\"position\":1,\"name\":\"Kezd\u0151lap\",\"item\":\"https:\\\/\\\/rendezveny.azevirodaja.hu\\\/\"},{\"@type\":\"ListItem\",\"position\":2,\"name\":\"\u00dczlet\",\"item\":\"https:\\\/\\\/rendezveny.azevirodaja.hu\\\/uzlet\\\/\"},{\"@type\":\"ListItem\",\"position\":3,\"name\":\"REAL ESTATE AWARDS \u2013 10 F\u0150S ASZTAL\"}]},{\"@type\":\"WebSite\",\"@id\":\"https:\\\/\\\/rendezveny.azevirodaja.hu\\\/#website\",\"url\":\"https:\\\/\\\/rendezveny.azevirodaja.hu\\\/\",\"name\":\"Az \u00c9v Irod\u00e1ja\",\"description\":\"Az \u00c9v Irod\u00e1ja\",\"publisher\":{\"@id\":\"https:\\\/\\\/rendezveny.azevirodaja.hu\\\/#organization\"},\"potentialAction\":[{\"@type\":\"SearchAction\",\"target\":{\"@type\":\"EntryPoint\",\"urlTemplate\":\"https:\\\/\\\/rendezveny.azevirodaja.hu\\\/?s={search_term_string}\"},\"query-input\":{\"@type\":\"PropertyValueSpecification\",\"valueRequired\":true,\"valueName\":\"search_term_string\"}}],\"inLanguage\":\"en-US\"},{\"@type\":\"Organization\",\"@id\":\"https:\\\/\\\/rendezveny.azevirodaja.hu\\\/#organization\",\"name\":\"Az \u00c9v Irod\u00e1ja\",\"url\":\"https:\\\/\\\/rendezveny.azevirodaja.hu\\\/\",\"logo\":{\"@type\":\"ImageObject\",\"inLanguage\":\"en-US\",\"@id\":\"https:\\\/\\\/rendezveny.azevirodaja.hu\\\/#\\\/schema\\\/logo\\\/image\\\/\",\"url\":\"https:\\\/\\\/rendezveny.azevirodaja.hu\\\/wp-content\\\/uploads\\\/2022\\\/10\\\/cropped-favico-1.png\",\"contentUrl\":\"https:\\\/\\\/rendezveny.azevirodaja.hu\\\/wp-content\\\/uploads\\\/2022\\\/10\\\/cropped-favico-1.png\",\"width\":512,\"height\":512,\"caption\":\"Az \u00c9v Irod\u00e1ja\"},\"image\":{\"@id\":\"https:\\\/\\\/rendezveny.azevirodaja.hu\\\/#\\\/schema\\\/logo\\\/image\\\/\"},\"sameAs\":[\"https:\\\/\\\/www.facebook.com\\\/azevirodaja\\\/\"]}]}<\/script>\n<!-- \/ Yoast SEO plugin. -->","yoast_head_json":{"title":"REAL ESTATE AWARDS \u2013 10 F\u0150S ASZTAL - Az \u00c9v Irod\u00e1ja rendezv\u00e9nyek","robots":{"index":"index","follow":"follow","max-snippet":"max-snippet:-1","max-image-preview":"max-image-preview:large","max-video-preview":"max-video-preview:-1"},"canonical":"https:\/\/rendezveny.azevirodaja.hu\/en\/product\/csoportos-real-estate-awards-dijatado-gala-2023-belepojegy\/","og_locale":"en_US","og_type":"article","og_title":"REAL ESTATE AWARDS \u2013 10 F\u0150S ASZTAL - Az \u00c9v Irod\u00e1ja rendezv\u00e9nyek","og_description":"El\u0151\u00e9tel H\u00daSOS: Libam\u00e1j ganache, piszt\u00e1ci\u00e1s croffel, morello cseresznye, hagymalekv\u00e1r, balzsamecet kavi\u00e1r  VEG\u00c1N: Csics\u00f3ka panna cotta, z\u00f6ldalma, ropog\u00f3s hajdina, csics\u00f3ka tuille, t\u00e1rkony (GM, LM)  F\u0151\u00e9tel  H\u00daSOS: Szarvasgerinc, kr\u00e9mes kucsmagomba jus, f\u00fcst\u00f6lt zeller p\u00fcr\u00e9, z\u00f6ldbab, parmez\u00e1nos burgonya gratin  VEG\u00c1N: Serpeny\u0151ben pir\u00edtott sz\u00f3j\u00e1s-gy\u00f6mb\u00e9res tofu satay sz\u00f3szos rizst\u00e9szt\u00e1val, baby brokkoli, shiitake gomba, bord\u00e1skel, szez\u00e1mmag (GM, LM)  Desszert  H\u00daSOS: Geszteny\u00e9s feh\u00e9rcsokol\u00e1d\u00e9s mousse, amar\u00e9na meggy, roppan\u00f3s \u00e9tcsokol\u00e1d\u00e9, m\u00e9zes morzsa  VEG\u00c1N: Csokol\u00e1d\u00e9 mousse, mogyor\u00f3 morzsa, granola, meggyragu (veg\u00e1n, GM, LM, CM","og_url":"https:\/\/rendezveny.azevirodaja.hu\/en\/product\/csoportos-real-estate-awards-dijatado-gala-2023-belepojegy\/","og_site_name":"Az \u00c9v Irod\u00e1ja rendezv\u00e9nyek","article_publisher":"https:\/\/www.facebook.com\/azevirodaja\/","article_modified_time":"2025-02-07T12:24:21+00:00","og_image":[{"width":1080,"height":1080,"url":"https:\/\/rendezveny.azevirodaja.hu\/wp-content\/uploads\/2022\/10\/1-1.png","type":"image\/png"}],"twitter_card":"summary_large_image","twitter_misc":{"Est. reading time":"1 minute"},"schema":{"@context":"https:\/\/schema.org","@graph":[{"@type":"WebPage","@id":"https:\/\/rendezveny.azevirodaja.hu\/termek\/csoportos-real-estate-awards-dijatado-gala-2023-belepojegy\/","url":"https:\/\/rendezveny.azevirodaja.hu\/termek\/csoportos-real-estate-awards-dijatado-gala-2023-belepojegy\/","name":"REAL ESTATE AWARDS \u2013 10 F\u0150S ASZTAL - Az \u00c9v Irod\u00e1ja rendezv\u00e9nyek","isPartOf":{"@id":"https:\/\/rendezveny.azevirodaja.hu\/#website"},"primaryImageOfPage":{"@id":"https:\/\/rendezveny.azevirodaja.hu\/termek\/csoportos-real-estate-awards-dijatado-gala-2023-belepojegy\/#primaryimage"},"image":{"@id":"https:\/\/rendezveny.azevirodaja.hu\/termek\/csoportos-real-estate-awards-dijatado-gala-2023-belepojegy\/#primaryimage"},"thumbnailUrl":"https:\/\/rendezveny.azevirodaja.hu\/wp-content\/uploads\/2022\/10\/1-1.png","datePublished":"2022-10-18T13:41:39+00:00","dateModified":"2025-02-07T12:24:21+00:00","breadcrumb":{"@id":"https:\/\/rendezveny.azevirodaja.hu\/termek\/csoportos-real-estate-awards-dijatado-gala-2023-belepojegy\/#breadcrumb"},"inLanguage":"en-US","potentialAction":[{"@type":"ReadAction","target":["https:\/\/rendezveny.azevirodaja.hu\/termek\/csoportos-real-estate-awards-dijatado-gala-2023-belepojegy\/"]}]},{"@type":"ImageObject","inLanguage":"en-US","@id":"https:\/\/rendezveny.azevirodaja.hu\/termek\/csoportos-real-estate-awards-dijatado-gala-2023-belepojegy\/#primaryimage","url":"https:\/\/rendezveny.azevirodaja.hu\/wp-content\/uploads\/2022\/10\/1-1.png","contentUrl":"https:\/\/rendezveny.azevirodaja.hu\/wp-content\/uploads\/2022\/10\/1-1.png","width":1080,"height":1080},{"@type":"BreadcrumbList","@id":"https:\/\/rendezveny.azevirodaja.hu\/termek\/csoportos-real-estate-awards-dijatado-gala-2023-belepojegy\/#breadcrumb","itemListElement":[{"@type":"ListItem","position":1,"name":"Kezd\u0151lap","item":"https:\/\/rendezveny.azevirodaja.hu\/"},{"@type":"ListItem","position":2,"name":"\u00dczlet","item":"https:\/\/rendezveny.azevirodaja.hu\/uzlet\/"},{"@type":"ListItem","position":3,"name":"REAL ESTATE AWARDS \u2013 10 F\u0150S ASZTAL"}]},{"@type":"WebSite","@id":"https:\/\/rendezveny.azevirodaja.hu\/#website","url":"https:\/\/rendezveny.azevirodaja.hu\/","name":"Office of the Year","description":"Office of the Year","publisher":{"@id":"https:\/\/rendezveny.azevirodaja.hu\/#organization"},"potentialAction":[{"@type":"SearchAction","target":{"@type":"EntryPoint","urlTemplate":"https:\/\/rendezveny.azevirodaja.hu\/?s={search_term_string}"},"query-input":{"@type":"PropertyValueSpecification","valueRequired":true,"valueName":"search_term_string"}}],"inLanguage":"en-US"},{"@type":"Organization","@id":"https:\/\/rendezveny.azevirodaja.hu\/#organization","name":"Office of the Year","url":"https:\/\/rendezveny.azevirodaja.hu\/","logo":{"@type":"ImageObject","inLanguage":"en-US","@id":"https:\/\/rendezveny.azevirodaja.hu\/#\/schema\/logo\/image\/","url":"https:\/\/rendezveny.azevirodaja.hu\/wp-content\/uploads\/2022\/10\/cropped-favico-1.png","contentUrl":"https:\/\/rendezveny.azevirodaja.hu\/wp-content\/uploads\/2022\/10\/cropped-favico-1.png","width":512,"height":512,"caption":"Az \u00c9v Irod\u00e1ja"},"image":{"@id":"https:\/\/rendezveny.azevirodaja.hu\/#\/schema\/logo\/image\/"},"sameAs":["https:\/\/www.facebook.com\/azevirodaja\/"]}]}},"_links":{"self":[{"href":"https:\/\/rendezveny.azevirodaja.hu\/en\/wp-json\/wp\/v2\/product\/1087","targetHints":{"allow":["GET"]}}],"collection":[{"href":"https:\/\/rendezveny.azevirodaja.hu\/en\/wp-json\/wp\/v2\/product"}],"about":[{"href":"https:\/\/rendezveny.azevirodaja.hu\/en\/wp-json\/wp\/v2\/types\/product"}],"author":[{"embeddable":true,"href":"https:\/\/rendezveny.azevirodaja.hu\/en\/wp-json\/wp\/v2\/users\/2"}],"replies":[{"embeddable":true,"href":"https:\/\/rendezveny.azevirodaja.hu\/en\/wp-json\/wp\/v2\/comments?post=1087"}],"wp:featuredmedia":[{"embeddable":true,"href":"https:\/\/rendezveny.azevirodaja.hu\/en\/wp-json\/wp\/v2\/media\/1393"}],"wp:attachment":[{"href":"https:\/\/rendezveny.azevirodaja.hu\/en\/wp-json\/wp\/v2\/media?parent=1087"}],"wp:term":[{"taxonomy":"product_brand","embeddable":true,"href":"https:\/\/rendezveny.azevirodaja.hu\/en\/wp-json\/wp\/v2\/product_brand?post=1087"},{"taxonomy":"product_cat","embeddable":true,"href":"https:\/\/rendezveny.azevirodaja.hu\/en\/wp-json\/wp\/v2\/product_cat?post=1087"},{"taxonomy":"product_tag","embeddable":true,"href":"https:\/\/rendezveny.azevirodaja.hu\/en\/wp-json\/wp\/v2\/product_tag?post=1087"}],"curies":[{"name":"wp","href":"https:\/\/api.w.org\/{rel}","templated":true}]}}